{"id":93,"date":"2025-12-18T12:09:28","date_gmt":"2025-12-18T15:09:28","guid":{"rendered":"https:\/\/extension.unam.edu.ar\/?page_id=93"},"modified":"2026-03-12T10:11:52","modified_gmt":"2026-03-12T13:11:52","slug":"guias-e-instructivos-para-extension","status":"publish","type":"page","link":"https:\/\/extension.unam.edu.ar\/index.php\/guias-e-instructivos-para-extension\/","title":{"rendered":"Gu\u00edas e Instructivos para Extensi\u00f3n"},"content":{"rendered":"\n<div class=\"wp-block-columns is-layout-flex wp-container-core-columns-is-layout-28f84493 wp-block-columns-is-layout-flex\">\n<div class=\"wp-block-column is-layout-flow wp-block-column-is-layout-flow\">\n<div class=\"wp-block-group has-global-padding is-layout-constrained wp-block-group-is-layout-constrained\">\n<p>El espacio SASPI en Extensi\u00f3n, dependiente de la Secretar\u00eda General de Extensi\u00f3n de la Universidad Nacional de Misiones (UNaM), acompa\u00f1a la gesti\u00f3n integral de los programas, proyectos y actividades de extensi\u00f3n universitaria: desde la formulaci\u00f3n y carga de propuestas hasta su evaluaci\u00f3n, ejecuci\u00f3n, seguimiento y cierre.<\/p>\n\n\n\n<p>El objetivo es facilitar el uso del Sistema de Acreditaci\u00f3n y Seguimiento de Proyectos Institucionales (SASPI) por parte de equipos docentes, estudiantes, nodocentes y actores sociales, brindando herramientas claras para que cada proyecto quede correctamente registrado, evaluado y documentado, respetando la normativa vigente de la UNaM.<\/p>\n<\/div>\n<\/div>\n\n\n\n<div class=\"wp-block-column is-vertically-aligned-center is-layout-flow wp-block-column-is-layout-flow\">\n<figure class=\"wp-block-image aligncenter size-large is-resized has-custom-border\"><img loading=\"lazy\" decoding=\"async\" width=\"1024\" height=\"683\" src=\"https:\/\/extension.unam.edu.ar\/wp-content\/uploads\/2026\/03\/SASPI-EXTENSION-1-1024x683.png\" alt=\"\" class=\"wp-image-152\" style=\"border-top-left-radius:40px;border-top-right-radius:40px;border-bottom-left-radius:40px;border-bottom-right-radius:40px;width:643px;height:auto\" srcset=\"https:\/\/extension.unam.edu.ar\/wp-content\/uploads\/2026\/03\/SASPI-EXTENSION-1-1024x683.png 1024w, https:\/\/extension.unam.edu.ar\/wp-content\/uploads\/2026\/03\/SASPI-EXTENSION-1-300x200.png 300w, https:\/\/extension.unam.edu.ar\/wp-content\/uploads\/2026\/03\/SASPI-EXTENSION-1.png 1536w\" sizes=\"auto, (max-width: 1024px) 100vw, 1024px\" \/><\/figure>\n<\/div>\n<\/div>\n\n\n\n<h2 class=\"wp-block-heading\"><strong>Gu\u00edas e Instructivos para Extensi\u00f3n<\/strong><\/h2>\n\n\n\t\t<div class=\"faq-accordion \" id=\"faq-accordion-1\" data-accordion-group data-conf=\"{&quot;single_open&quot;:&quot;true&quot;,&quot;transition_speed&quot;:300}\">\n\t\t\t\t\t\t\t<div data-accordion class=\"faq-main\">\n\t\t\t\t\t<div data-control class=\"faq-title\">\n\t\t\t\t\t\t<h4>Gu\u00eda del Auxiliar de SASPI en Extensi\u00f3n<\/h4>\n\t\t\t\t\t<\/div>\n\t\t\t\t\t<div data-content>\n\t\t\t\t\t\t\t\t\t\t\t\t<div class=\"faq-content\"><span style=\"font-weight: 400;\">Pensada para el personal administrativo y t\u00e9cnico que asiste a las c\u00e1tedras y equipos de extensi\u00f3n en el uso cotidiano del SASPI.<\/span><span style=\"font-weight: 400;\">\r\n<\/span><span style=\"font-weight: 400;\">En este apartado se detalla el paso a paso para acompa\u00f1ar la carga de proyectos e informes, la verificaci\u00f3n de datos, el seguimiento de estados dentro del sistema, la gesti\u00f3n de documentaci\u00f3n complementaria y buenas pr\u00e1cticas para responder consultas de docentes y equipos extensionistas.<\/span>\r\n\r\n<a href=\"https:\/\/extension.unam.edu.ar\/wp-content\/uploads\/2025\/12\/Guia-General-de-Uso-del-Sistema-SASPI-para-Gestion-de-Proyectos-de-Extension.pdf\">Gu\u00eda General de Uso del Sistema SASPI \/ PDF<\/a>\r\n\r\n&nbsp;\r\n\r\n<iframe loading=\"lazy\" title=\"ROL DEL AUXILIAR EN SASPI\" width=\"950\" height=\"534\" src=\"https:\/\/www.youtube.com\/embed\/_hvsLGk-Odc?feature=oembed\" frameborder=\"0\" allow=\"accelerometer; autoplay; clipboard-write; encrypted-media; gyroscope; picture-in-picture; web-share\" referrerpolicy=\"strict-origin-when-cross-origin\" allowfullscreen><\/iframe><\/div>\n\t\t\t\t\t<\/div>\n\t\t\t\t<\/div>\n\t\t\t\t\t\t\t<div data-accordion class=\"faq-main\">\n\t\t\t\t\t<div data-control class=\"faq-title\">\n\t\t\t\t\t\t<h4>Gu\u00eda para la Carga de Informes Finales en Extensi\u00f3n<\/h4>\n\t\t\t\t\t<\/div>\n\t\t\t\t\t<div data-content>\n\t\t\t\t\t\t\t\t\t\t\t\t<div class=\"faq-content\"><p><span style=\"font-weight: 400;\">Orientada a directores\/as, codirectores\/as y equipos que deben cerrar sus proyectos de extensi\u00f3n en el SASPI.<\/span><span style=\"font-weight: 400;\"><br \/>\n<\/span><span style=\"font-weight: 400;\">Al desplegar esta gu\u00eda se encontrar\u00e1 un instructivo paso a paso para la carga del informe final: sistematizaci\u00f3n de actividades y resultados, carga de indicadores, adjunto de documentaci\u00f3n en el autoarchivo, registro de productos y evidencias, y recomendaciones para reflejar el impacto territorial e institucional de la experiencia.<\/span><\/p>\n<p><a href=\"https:\/\/extension.unam.edu.ar\/wp-content\/uploads\/2025\/12\/Guia-presentacion-informe-SASPI-Extension.pdf\">Guia presentacion informe \/ PDF<\/a><\/p>\n<p><iframe loading=\"lazy\" title=\"Gu\u00eda para la presentaci\u00f3n de Informes en SASPI\" width=\"950\" height=\"534\" src=\"https:\/\/www.youtube.com\/embed\/qKydgY-upso?feature=oembed\" frameborder=\"0\" allow=\"accelerometer; autoplay; clipboard-write; encrypted-media; gyroscope; picture-in-picture; web-share\" referrerpolicy=\"strict-origin-when-cross-origin\" allowfullscreen><\/iframe><\/p>\n<\/div>\n\t\t\t\t\t<\/div>\n\t\t\t\t<\/div>\n\t\t\t\t\t\t\t<div data-accordion class=\"faq-main\">\n\t\t\t\t\t<div data-control class=\"faq-title\">\n\t\t\t\t\t\t<h4>Gu\u00eda para Evaluadores de Extensi\u00f3n<\/h4>\n\t\t\t\t\t<\/div>\n\t\t\t\t\t<div data-content>\n\t\t\t\t\t\t\t\t\t\t\t\t<div class=\"faq-content\"><p><span style=\"font-weight: 400;\">Dirigida a quienes cumplen funciones de evaluaci\u00f3n de proyectos e informes de extensi\u00f3n en el SASPI.<\/span><span style=\"font-weight: 400;\"><br \/>\n<\/span><span style=\"font-weight: 400;\">Aqu\u00ed se explica c\u00f3mo acceder al m\u00f3dulo de evaluaci\u00f3n, revisar las presentaciones, aplicar los criterios y pautas de valoraci\u00f3n institucional, completar los dict\u00e1menes en el sistema, registrar observaciones y recomendaciones, as\u00ed como los plazos y momentos clave del proceso evaluativo.<\/span><\/p>\n<p><a href=\"https:\/\/extension.unam.edu.ar\/wp-content\/uploads\/2025\/12\/Guia-para-Evaluadores-de-Proyectos-de-Extension-Universitaria-en-SASPI.pdf\">Gu\u00eda para Evaluadores de Proyectos de Extensi\u00f3n \/ PDF<\/a><\/p>\n<p><iframe loading=\"lazy\" title=\"Gu\u00eda para evaluadores de proyectos de Extensi\u00f3n Universitaria en SASPI\" width=\"950\" height=\"534\" src=\"https:\/\/www.youtube.com\/embed\/5pMHvvDTqAU?feature=oembed\" frameborder=\"0\" allow=\"accelerometer; autoplay; clipboard-write; encrypted-media; gyroscope; picture-in-picture; web-share\" referrerpolicy=\"strict-origin-when-cross-origin\" allowfullscreen><\/iframe><\/p>\n<\/div>\n\t\t\t\t\t<\/div>\n\t\t\t\t<\/div>\n\t\t\t\t\t\t\t<div data-accordion class=\"faq-main\">\n\t\t\t\t\t<div data-control class=\"faq-title\">\n\t\t\t\t\t\t<h4>Gu\u00eda de Becarios de Extensi\u00f3n<\/h4>\n\t\t\t\t\t<\/div>\n\t\t\t\t\t<div data-content>\n\t\t\t\t\t\t\t\t\t\t\t\t<div class=\"faq-content\"><p><span style=\"font-weight: 400;\">Espacio destinado a las y los estudiantes becarios que participan en proyectos de extensi\u00f3n.<\/span><span style=\"font-weight: 400;\"><br \/>\n<\/span><span style=\"font-weight: 400;\">Al desplegar esta gu\u00eda encontrar\u00e1n informaci\u00f3n sobre el rol del becario, derechos y responsabilidades, circuitos administrativos b\u00e1sicos, registro de actividades en SASPI, recomendaciones para la organizaci\u00f3n del trabajo en territorio y orientaciones para la elaboraci\u00f3n de informes parciales y finales vinculados a la beca.<\/span><\/p>\n<p><a href=\"https:\/\/extension.unam.edu.ar\/wp-content\/uploads\/2025\/12\/Guia-para-los-Becarios.pdf\">Guia para los BecarioS \/ PDF<\/a><\/p>\n<p><iframe loading=\"lazy\" title=\"Gu\u00eda para Becarios en SASPI\" width=\"950\" height=\"534\" src=\"https:\/\/www.youtube.com\/embed\/32JDt-PPqhE?feature=oembed\" frameborder=\"0\" allow=\"accelerometer; autoplay; clipboard-write; encrypted-media; gyroscope; picture-in-picture; web-share\" referrerpolicy=\"strict-origin-when-cross-origin\" allowfullscreen><\/iframe><\/p>\n<p>&nbsp;<\/p>\n<p>&nbsp;<\/p>\n<\/div>\n\t\t\t\t\t<\/div>\n\t\t\t\t<\/div>\n\t\t\t\t\t\t\t<div data-accordion class=\"faq-main\">\n\t\t\t\t\t<div data-control class=\"faq-title\">\n\t\t\t\t\t\t<h4>Gu\u00eda para la Carga de Proyectos de Extensi\u00f3n<\/h4>\n\t\t\t\t\t<\/div>\n\t\t\t\t\t<div data-content>\n\t\t\t\t\t\t\t\t\t\t\t\t<div class=\"faq-content\"><p style=\"padding-left: 80px;\"><span style=\"font-weight: 400;\">Espacio destinado a quienes formulan y presentan nuevos proyectos de extensi\u00f3n en el sistema.<\/span><span style=\"font-weight: 400;\"><br \/>\n<\/span><\/p>\n<p style=\"padding-left: 80px;\"><span style=\"font-weight: 400;\">Esta gu\u00eda describe desde el inicio c\u00f3mo ingresar una propuesta en SASPI: definici\u00f3n del t\u00edtulo y la fundamentaci\u00f3n, armado del equipo y participaci\u00f3n estudiantil, vinculaci\u00f3n con actores sociales, planificaci\u00f3n de actividades y cronogramas, formulaci\u00f3n del presupuesto, selecci\u00f3n de la convocatoria correspondiente y verificaci\u00f3n final antes del env\u00edo para<\/span> evaluaci\u00f3n.<\/p>\n<p>&nbsp;<\/p>\n<p><iframe loading=\"lazy\" title=\"Gu\u00eda para la Carga de Proyectos de Extensi\u00f3n\" width=\"950\" height=\"534\" src=\"https:\/\/www.youtube.com\/embed\/8ShTcQbHj9w?feature=oembed\" frameborder=\"0\" allow=\"accelerometer; autoplay; clipboard-write; encrypted-media; gyroscope; picture-in-picture; web-share\" referrerpolicy=\"strict-origin-when-cross-origin\" allowfullscreen><\/iframe><\/p>\n<p style=\"padding-left: 40px;\"><a href=\"https:\/\/extension.unam.edu.ar\/wp-content\/uploads\/2025\/12\/Guia-Carga-de-Proyectos-extension.pdf\">Gu\u00eda Carga de Proyectos Extensi\u00f3n \/ PDF<\/a><\/p>\n<\/div>\n\t\t\t\t\t<\/div>\n\t\t\t\t<\/div>\n\t\t\t\t\t<\/div>\n\t\n\n\n\n<h2 class=\"wp-block-heading\"><strong>Consultas y Contacto<\/strong><\/h2>\n\n\n\n<p>Para consultas sobre el uso de SASPI en Extensi\u00f3n, la carga de proyectos, informes finales o el acceso a las diferentes gu\u00edas, pod\u00e9s comunicarte con el equipo del \u00e1rea a trav\u00e9s de los siguientes medios:<\/p>\n\n\n\n<ul class=\"wp-block-list\">\n<li><strong>Correo electr\u00f3nico:<\/strong> extension@unam.edu.ar<\/li>\n\n\n\n<li><strong>Celular \/ WhatsApp:<\/strong> 3764 286155<\/li>\n<\/ul>\n\n\n\n<h2 class=\"wp-block-heading\"><strong>Equipo de trabajo:<\/strong><\/h2>\n\n\n\n<ul class=\"wp-block-list\">\n<li>Juan Manuel Lascheuski \u2013 Encargado del \u00c1rea de Vinculaci\u00f3n. Bibliotecario<\/li>\n\n\n\n<li>Guillermo Calvo \u2013 Licenciado en Gesti\u00f3n Universitaria<\/li>\n\n\n\n<li>Fernanda Manufelen \u2013 T\u00e9cnica en Gesti\u00f3n Universitaria<\/li>\n\n\n\n<li>Juan Facundo Romero<\/li>\n<\/ul>\n","protected":false},"excerpt":{"rendered":"<p>El espacio SASPI en Extensi\u00f3n, dependiente de la Secretar\u00eda General de Extensi\u00f3n de la Universidad Nacional de Misiones (UNaM), acompa\u00f1a la gesti\u00f3n integral de los programas, proyectos y actividades de extensi\u00f3n universitaria: desde la formulaci\u00f3n y carga de propuestas hasta su evaluaci\u00f3n, ejecuci\u00f3n, seguimiento y cierre. El objetivo es facilitar el uso del Sistema de &hellip; <\/p>\n<p class=\"link-more\"><a href=\"https:\/\/extension.unam.edu.ar\/index.php\/sp_faq\/guia-para-la-carga-de-proyectos-de-extension\/\" class=\"more-link\">Read more<span class=\"screen-reader-text\"> &#8220;Gu\u00eda para la Carga de Proyectos de Extensi\u00f3n&#8221;<\/span><\/a><\/p>\n","protected":false},"author":1,"featured_media":0,"parent":0,"menu_order":0,"comment_status":"closed","ping_status":"closed","template":"","meta":{"_advanced_animation_props":"{}","_advanced_custom_css":"","inspiro_hide_title":false,"footnotes":""},"class_list":["post-93","page","type-page","status-publish","hentry"],"_links":{"self":[{"href":"https:\/\/extension.unam.edu.ar\/index.php\/wp-json\/wp\/v2\/pages\/93","targetHints":{"allow":["GET"]}}],"collection":[{"href":"https:\/\/extension.unam.edu.ar\/index.php\/wp-json\/wp\/v2\/pages"}],"about":[{"href":"https:\/\/extension.unam.edu.ar\/index.php\/wp-json\/wp\/v2\/types\/page"}],"author":[{"embeddable":true,"href":"https:\/\/extension.unam.edu.ar\/index.php\/wp-json\/wp\/v2\/users\/1"}],"replies":[{"embeddable":true,"href":"https:\/\/extension.unam.edu.ar\/index.php\/wp-json\/wp\/v2\/comments?post=93"}],"version-history":[{"count":9,"href":"https:\/\/extension.unam.edu.ar\/index.php\/wp-json\/wp\/v2\/pages\/93\/revisions"}],"predecessor-version":[{"id":155,"href":"https:\/\/extension.unam.edu.ar\/index.php\/wp-json\/wp\/v2\/pages\/93\/revisions\/155"}],"wp:attachment":[{"href":"https:\/\/extension.unam.edu.ar\/index.php\/wp-json\/wp\/v2\/media?parent=93"}],"curies":[{"name":"wp","href":"https:\/\/api.w.org\/{rel}","templated":true}]}}