{"id":9,"date":"2025-12-17T07:43:05","date_gmt":"2025-12-17T10:43:05","guid":{"rendered":"https:\/\/extension.unam.edu.ar\/?page_id=9"},"modified":"2026-03-13T10:02:09","modified_gmt":"2026-03-13T13:02:09","slug":"homepage","status":"publish","type":"page","link":"https:\/\/extension.unam.edu.ar\/","title":{"rendered":"Homepage"},"content":{"rendered":"\n<div class=\"wp-block-cover alignfull\" style=\"min-height:100vh;aspect-ratio:unset;\"><video class=\"wp-block-cover__video-background intrinsic-ignore\" autoplay muted loop playsinline src=\"https:\/\/extension.unam.edu.ar\/wp-content\/uploads\/2025\/12\/portada-extension.mp4\" data-object-fit=\"cover\"><\/video><span aria-hidden=\"true\" class=\"wp-block-cover__background has-background-dim-70 has-background-dim\" style=\"background-color:#002751\"><\/span><div class=\"wp-block-cover__inner-container has-global-padding is-layout-constrained wp-block-cover-is-layout-constrained\">\n<figure class=\"wp-block-image aligncenter size-full is-resized\"><img loading=\"lazy\" decoding=\"async\" width=\"600\" height=\"237\" src=\"https:\/\/extension.unam.edu.ar\/wp-content\/uploads\/2025\/12\/LOGO-EXTENSION-SOLO.png\" alt=\"\" class=\"wp-image-48\" style=\"width:300px\" srcset=\"https:\/\/extension.unam.edu.ar\/wp-content\/uploads\/2025\/12\/LOGO-EXTENSION-SOLO.png 600w, https:\/\/extension.unam.edu.ar\/wp-content\/uploads\/2025\/12\/LOGO-EXTENSION-SOLO-300x119.png 300w\" sizes=\"auto, (max-width: 600px) 100vw, 600px\" \/><\/figure>\n<\/div><\/div>\n\n\n\n<div id=\"services\" class=\"wp-block-group alignfull pattern_multiple_covers has-background has-global-padding is-layout-constrained wp-block-group-is-layout-constrained\">\n<div style=\"height:84px\" aria-hidden=\"true\" class=\"wp-block-spacer\"><\/div>\n\n\n\n<h2 class=\"wp-block-heading has-text-align-left\">\u00c1reas y programas<\/h2>\n\n\n\n<div class=\"wp-block-columns is-layout-flex wp-container-core-columns-is-layout-28f84493 wp-block-columns-is-layout-flex\">\n<div class=\"wp-block-column is-layout-flow wp-block-column-is-layout-flow\" style=\"padding-top:0;padding-right:0;padding-bottom:0;padding-left:0\">\n<div class=\"wp-block-cover has-custom-content-position is-position-bottom-left\" style=\"padding-top:var(--wp--preset--spacing--small);padding-right:var(--wp--preset--spacing--x-small);padding-bottom:var(--wp--preset--spacing--small);padding-left:var(--wp--preset--spacing--x-small)\"><img loading=\"lazy\" decoding=\"async\" width=\"500\" height=\"500\" class=\"wp-block-cover__image-background wp-image-61 size-full\" alt=\"\" src=\"https:\/\/extension.unam.edu.ar\/wp-content\/uploads\/2025\/12\/5.png\" data-object-fit=\"cover\" srcset=\"https:\/\/extension.unam.edu.ar\/wp-content\/uploads\/2025\/12\/5.png 500w, https:\/\/extension.unam.edu.ar\/wp-content\/uploads\/2025\/12\/5-300x300.png 300w, https:\/\/extension.unam.edu.ar\/wp-content\/uploads\/2025\/12\/5-150x150.png 150w\" sizes=\"auto, (max-width: 500px) 100vw, 500px\" \/><span aria-hidden=\"true\" class=\"wp-block-cover__background has-primary-background-color has-background-dim-40 has-background-dim\"><\/span><div class=\"wp-block-cover__inner-container is-layout-flow wp-block-cover-is-layout-flow\">\n<h3 class=\"wp-block-heading has-white-color has-text-color has-medium-font-size\" style=\"margin-top:0;margin-right:0;margin-bottom:0;margin-left:0\"><a href=\"https:\/\/programasartisticos.unam.edu.ar\/index.php\/144-2\/\" data-type=\"link\" data-id=\"https:\/\/programasartisticos.unam.edu.ar\/index.php\/144-2\/\">Programa M\u00fasica<\/a><\/h3>\n<\/div><\/div>\n<\/div>\n\n\n\n<div class=\"wp-block-column is-layout-flow wp-block-column-is-layout-flow\" style=\"padding-top:0;padding-right:0;padding-bottom:0;padding-left:0\">\n<div class=\"wp-block-cover has-custom-content-position is-position-bottom-left\" style=\"padding-top:var(--wp--preset--spacing--small);padding-right:var(--wp--preset--spacing--x-small);padding-bottom:var(--wp--preset--spacing--small);padding-left:var(--wp--preset--spacing--x-small)\"><img loading=\"lazy\" decoding=\"async\" width=\"500\" height=\"500\" class=\"wp-block-cover__image-background wp-image-63 size-full\" alt=\"\" src=\"https:\/\/extension.unam.edu.ar\/wp-content\/uploads\/2025\/12\/5-1.png\" data-object-fit=\"cover\" srcset=\"https:\/\/extension.unam.edu.ar\/wp-content\/uploads\/2025\/12\/5-1.png 500w, https:\/\/extension.unam.edu.ar\/wp-content\/uploads\/2025\/12\/5-1-300x300.png 300w, https:\/\/extension.unam.edu.ar\/wp-content\/uploads\/2025\/12\/5-1-150x150.png 150w\" sizes=\"auto, (max-width: 500px) 100vw, 500px\" \/><span aria-hidden=\"true\" class=\"wp-block-cover__background has-primary-background-color has-background-dim-40 has-background-dim\"><\/span><div class=\"wp-block-cover__inner-container is-layout-flow wp-block-cover-is-layout-flow\">\n<h3 class=\"wp-block-heading has-white-color has-text-color has-medium-font-size\" style=\"margin-top:0;margin-right:0;margin-bottom:0;margin-left:0\"><a href=\"https:\/\/programasartisticos.unam.edu.ar\/index.php\/programa-teunam\/\">Programa Teatro<\/a><\/h3>\n<\/div><\/div>\n<\/div>\n\n\n\n<div class=\"wp-block-column is-layout-flow wp-block-column-is-layout-flow\" style=\"padding-top:0;padding-right:0;padding-bottom:0;padding-left:0\">\n<div class=\"wp-block-cover has-custom-content-position is-position-bottom-left\" style=\"padding-top:var(--wp--preset--spacing--small);padding-right:var(--wp--preset--spacing--x-small);padding-bottom:var(--wp--preset--spacing--small);padding-left:var(--wp--preset--spacing--x-small)\"><img loading=\"lazy\" decoding=\"async\" width=\"1024\" height=\"681\" class=\"wp-block-cover__image-background wp-image-64 size-large\" alt=\"\" src=\"https:\/\/extension.unam.edu.ar\/wp-content\/uploads\/2025\/12\/DSC_0814-1024x681.jpg\" style=\"object-position:60% 57%\" data-object-fit=\"cover\" data-object-position=\"60% 57%\" srcset=\"https:\/\/extension.unam.edu.ar\/wp-content\/uploads\/2025\/12\/DSC_0814-1024x681.jpg 1024w, https:\/\/extension.unam.edu.ar\/wp-content\/uploads\/2025\/12\/DSC_0814-300x199.jpg 300w, https:\/\/extension.unam.edu.ar\/wp-content\/uploads\/2025\/12\/DSC_0814-2000x1330.jpg 2000w\" sizes=\"auto, (max-width: 1024px) 100vw, 1024px\" \/><span aria-hidden=\"true\" class=\"wp-block-cover__background has-primary-background-color has-background-dim-40 has-background-dim\"><\/span><div class=\"wp-block-cover__inner-container is-layout-flow wp-block-cover-is-layout-flow\">\n<h3 class=\"wp-block-heading has-white-color has-text-color has-medium-font-size\" style=\"margin-top:0;margin-right:0;margin-bottom:0;margin-left:0\">Programa Ambiente<\/h3>\n<\/div><\/div>\n<\/div>\n<\/div>\n\n\n\n<div class=\"wp-block-columns is-layout-flex wp-container-core-columns-is-layout-28f84493 wp-block-columns-is-layout-flex\">\n<div class=\"wp-block-column is-layout-flow wp-block-column-is-layout-flow\" style=\"padding-top:0;padding-right:0;padding-bottom:0;padding-left:0\">\n<div class=\"wp-block-cover has-custom-content-position is-position-bottom-left\" style=\"padding-top:var(--wp--preset--spacing--small);padding-right:var(--wp--preset--spacing--x-small);padding-bottom:var(--wp--preset--spacing--small);padding-left:var(--wp--preset--spacing--x-small)\"><img loading=\"lazy\" decoding=\"async\" width=\"683\" height=\"1024\" class=\"wp-block-cover__image-background wp-image-66 size-large\" alt=\"\" src=\"https:\/\/extension.unam.edu.ar\/wp-content\/uploads\/2025\/12\/ChatGPT-Image-10-jun-2025-09_57_55-a.m-683x1024.png\" style=\"object-position:50% 0%\" data-object-fit=\"cover\" data-object-position=\"50% 0%\" srcset=\"https:\/\/extension.unam.edu.ar\/wp-content\/uploads\/2025\/12\/ChatGPT-Image-10-jun-2025-09_57_55-a.m-683x1024.png 683w, https:\/\/extension.unam.edu.ar\/wp-content\/uploads\/2025\/12\/ChatGPT-Image-10-jun-2025-09_57_55-a.m-200x300.png 200w, https:\/\/extension.unam.edu.ar\/wp-content\/uploads\/2025\/12\/ChatGPT-Image-10-jun-2025-09_57_55-a.m.png 1024w\" sizes=\"auto, (max-width: 683px) 100vw, 683px\" \/><span aria-hidden=\"true\" class=\"wp-block-cover__background has-primary-background-color has-background-dim-40 has-background-dim\"><\/span><div class=\"wp-block-cover__inner-container is-layout-flow wp-block-cover-is-layout-flow\">\n<h3 class=\"wp-block-heading has-white-color has-text-color has-medium-font-size\" style=\"margin-top:0;margin-right:0;margin-bottom:0;margin-left:0\"><a href=\"https:\/\/graduados.unam.edu.ar\/\">Programa Graduados<\/a><\/h3>\n<\/div><\/div>\n<\/div>\n\n\n\n<div class=\"wp-block-column is-layout-flow wp-block-column-is-layout-flow\" style=\"padding-top:0;padding-right:0;padding-bottom:0;padding-left:0\">\n<div class=\"wp-block-cover has-custom-content-position is-position-bottom-left\" style=\"padding-top:var(--wp--preset--spacing--small);padding-right:var(--wp--preset--spacing--x-small);padding-bottom:var(--wp--preset--spacing--small);padding-left:var(--wp--preset--spacing--x-small)\"><img loading=\"lazy\" decoding=\"async\" width=\"1024\" height=\"576\" class=\"wp-block-cover__image-background wp-image-68 size-large\" alt=\"\" src=\"https:\/\/extension.unam.edu.ar\/wp-content\/uploads\/2025\/12\/TV02-1024x576.gif\" style=\"object-position:100% 78%\" data-object-fit=\"cover\" data-object-position=\"100% 78%\" srcset=\"https:\/\/extension.unam.edu.ar\/wp-content\/uploads\/2025\/12\/TV02-1024x576.gif 1024w, https:\/\/extension.unam.edu.ar\/wp-content\/uploads\/2025\/12\/TV02-300x169.gif 300w\" sizes=\"auto, (max-width: 1024px) 100vw, 1024px\" \/><span aria-hidden=\"true\" class=\"wp-block-cover__background has-primary-background-color has-background-dim-40 has-background-dim\"><\/span><div class=\"wp-block-cover__inner-container is-layout-flow wp-block-cover-is-layout-flow\">\n<h3 class=\"wp-block-heading has-white-color has-text-color has-medium-font-size\" style=\"margin-top:0;margin-right:0;margin-bottom:0;margin-left:0\"><a href=\"https:\/\/transmedia.unam.edu.ar\/\">Programa Transmedia<\/a><\/h3>\n<\/div><\/div>\n<\/div>\n\n\n\n<div class=\"wp-block-column is-layout-flow wp-block-column-is-layout-flow\" style=\"padding-top:0;padding-right:0;padding-bottom:0;padding-left:0\">\n<div class=\"wp-block-cover has-custom-content-position is-position-bottom-left\" style=\"padding-top:var(--wp--preset--spacing--small);padding-right:var(--wp--preset--spacing--x-small);padding-bottom:var(--wp--preset--spacing--small);padding-left:var(--wp--preset--spacing--x-small)\"><img loading=\"lazy\" decoding=\"async\" width=\"1024\" height=\"576\" class=\"wp-block-cover__image-background wp-image-70 size-large\" alt=\"\" src=\"https:\/\/extension.unam.edu.ar\/wp-content\/uploads\/2025\/12\/DSC07848-1024x576.jpg\" style=\"object-position:46% 50%\" data-object-fit=\"cover\" data-object-position=\"46% 50%\" srcset=\"https:\/\/extension.unam.edu.ar\/wp-content\/uploads\/2025\/12\/DSC07848-1024x576.jpg 1024w, https:\/\/extension.unam.edu.ar\/wp-content\/uploads\/2025\/12\/DSC07848-300x169.jpg 300w, https:\/\/extension.unam.edu.ar\/wp-content\/uploads\/2025\/12\/DSC07848-2000x1125.jpg 2000w\" sizes=\"auto, (max-width: 1024px) 100vw, 1024px\" \/><span aria-hidden=\"true\" class=\"wp-block-cover__background has-primary-background-color has-background-dim-40 has-background-dim\"><\/span><div class=\"wp-block-cover__inner-container is-layout-flow wp-block-cover-is-layout-flow\">\n<h3 class=\"wp-block-heading has-white-color has-text-color has-medium-font-size\" style=\"margin-top:0;margin-right:0;margin-bottom:0;margin-left:0\"><a href=\"https:\/\/hayfuturo.unam.edu.ar\/\">Departamento de Orientaci\u00f3n<\/a><\/h3>\n<\/div><\/div>\n<\/div>\n<\/div>\n\n\n\n<div style=\"height:103px\" aria-hidden=\"true\" class=\"wp-block-spacer\"><\/div>\n<\/div>\n\n\n\n<div class=\"wp-block-cover alignfull has-parallax\" style=\"min-height:622px;aspect-ratio:unset;\"><div class=\"wp-block-cover__image-background wp-image-161 size-large has-parallax\" style=\"background-position:50% 50%;background-image:url(https:\/\/extension.unam.edu.ar\/wp-content\/uploads\/2026\/03\/SASPI-FONDO-1024x576.png)\"><\/div><span aria-hidden=\"true\" class=\"wp-block-cover__background has-primary-background-color has-background-dim-70 has-background-dim\"><\/span><div class=\"wp-block-cover__inner-container is-layout-flow wp-block-cover-is-layout-flow\">\n<p><strong>Gu\u00edas e Instructivos SASPI para Extensi\u00f3n<\/strong>:<\/p>\n\n\n\n<figure class=\"wp-block-image aligncenter size-large is-resized has-custom-border\"><img loading=\"lazy\" decoding=\"async\" width=\"1024\" height=\"683\" src=\"https:\/\/extension.unam.edu.ar\/wp-content\/uploads\/2026\/03\/SASPI-EXTENSION-logo-1024x683.png\" alt=\"\" class=\"wp-image-148\" style=\"border-top-left-radius:50px;border-top-right-radius:50px;border-bottom-left-radius:50px;border-bottom-right-radius:50px;aspect-ratio:1.499383477188656;width:298px;height:auto\" srcset=\"https:\/\/extension.unam.edu.ar\/wp-content\/uploads\/2026\/03\/SASPI-EXTENSION-logo-1024x683.png 1024w, https:\/\/extension.unam.edu.ar\/wp-content\/uploads\/2026\/03\/SASPI-EXTENSION-logo-300x200.png 300w, https:\/\/extension.unam.edu.ar\/wp-content\/uploads\/2026\/03\/SASPI-EXTENSION-logo.png 1536w\" sizes=\"auto, (max-width: 1024px) 100vw, 1024px\" \/><\/figure>\n\n\n\n<p class=\"has-text-align-center has-white-color has-text-color has-x-small-font-size\" style=\"letter-spacing:1px\">El espacio SASPI en Extensi\u00f3n, acompa\u00f1a la gesti\u00f3n integral de los programas, proyectos y actividades de extensi\u00f3n universitaria: desde la formulaci\u00f3n y carga de propuestas hasta su evaluaci\u00f3n, ejecuci\u00f3n, seguimiento y cierre.<\/p>\n\n\n\n<div class=\"wp-block-buttons is-content-justification-center is-layout-flex wp-container-core-buttons-is-layout-a89b3969 wp-block-buttons-is-layout-flex\">\n<div class=\"wp-block-button is-style-fill\"><a class=\"wp-block-button__link has-white-color has-secondary-background-color has-text-color has-background wp-element-button\" href=\"https:\/\/extension.unam.edu.ar\/index.php\/guias-e-instructivos-para-extension\/\" style=\"border-top-left-radius:20px;border-top-right-radius:20px;border-bottom-left-radius:20px;border-bottom-right-radius:20px\">Ingresar<\/a><\/div>\n<\/div>\n<\/div><\/div>\n","protected":false},"excerpt":{"rendered":"<p>\u00c1reas y programas<\/p>\n","protected":false},"author":1,"featured_media":0,"parent":0,"menu_order":0,"comment_status":"closed","ping_status":"closed","template":"page-templates\/homepage-builder-bb.php","meta":{"_advanced_animation_props":"{}","_advanced_custom_css":"","inspiro_hide_title":false,"footnotes":""},"class_list":["post-9","page","type-page","status-publish","hentry"],"_links":{"self":[{"href":"https:\/\/extension.unam.edu.ar\/index.php\/wp-json\/wp\/v2\/pages\/9","targetHints":{"allow":["GET"]}}],"collection":[{"href":"https:\/\/extension.unam.edu.ar\/index.php\/wp-json\/wp\/v2\/pages"}],"about":[{"href":"https:\/\/extension.unam.edu.ar\/index.php\/wp-json\/wp\/v2\/types\/page"}],"author":[{"embeddable":true,"href":"https:\/\/extension.unam.edu.ar\/index.php\/wp-json\/wp\/v2\/users\/1"}],"replies":[{"embeddable":true,"href":"https:\/\/extension.unam.edu.ar\/index.php\/wp-json\/wp\/v2\/comments?post=9"}],"version-history":[{"count":42,"href":"https:\/\/extension.unam.edu.ar\/index.php\/wp-json\/wp\/v2\/pages\/9\/revisions"}],"predecessor-version":[{"id":165,"href":"https:\/\/extension.unam.edu.ar\/index.php\/wp-json\/wp\/v2\/pages\/9\/revisions\/165"}],"wp:attachment":[{"href":"https:\/\/extension.unam.edu.ar\/index.php\/wp-json\/wp\/v2\/media?parent=9"}],"curies":[{"name":"wp","href":"https:\/\/api.w.org\/{rel}","templated":true}]}}