{"id":225,"date":"2026-05-08T07:34:34","date_gmt":"2026-05-08T10:34:34","guid":{"rendered":"https:\/\/extension.unam.edu.ar\/?page_id=225"},"modified":"2026-05-08T07:35:11","modified_gmt":"2026-05-08T10:35:11","slug":"universidad-y-ambiente","status":"publish","type":"page","link":"https:\/\/extension.unam.edu.ar\/index.php\/universidad-y-ambiente\/","title":{"rendered":"Universidad y\u00a0Ambiente"},"content":{"rendered":"\n<figure class=\"wp-block-image size-full is-resized\"><img loading=\"lazy\" decoding=\"async\" width=\"350\" height=\"186\" src=\"https:\/\/extension.unam.edu.ar\/wp-content\/uploads\/2026\/05\/logo-universidad-y-ambiente-641aff61.webp\" alt=\"\" class=\"wp-image-226\" style=\"width:282px;height:auto\" srcset=\"https:\/\/extension.unam.edu.ar\/wp-content\/uploads\/2026\/05\/logo-universidad-y-ambiente-641aff61.webp 350w, https:\/\/extension.unam.edu.ar\/wp-content\/uploads\/2026\/05\/logo-universidad-y-ambiente-641aff61-300x159.webp 300w\" sizes=\"auto, (max-width: 350px) 100vw, 350px\" \/><\/figure>\n\n\n\n<p>El\u00a0Programa\u00a0Universidad y\u00a0Ambiente\u00a0de la Universidad Nacional de Misiones (UNaM) es una propuesta de la Secretar\u00eda General de Extensi\u00f3n Universitaria (SGEU) creado por Resoluci\u00f3n N\u00b0212\/90 para abordar de forma integral actividades relacionadas a los derechos ambientales, medio\u00a0ambiente, en la Universidad y desde la Universidad a su entorno.<br>El\u00a0programa\u00a0tiene como prop\u00f3sito formular e implementar proyectos encaminados a lograr una Universidad Sustentable, es decir, que contribuyan al desarrollo sostenible, como as\u00ed tambi\u00e9n a la concientizaci\u00f3n de toda la comunidad universitaria sobre la necesidad de realizar acciones encaminadas hacia la conservaci\u00f3n y mejora del medio\u00a0ambiente, favoreciendo as\u00ed la vida en sociedad y en armon\u00eda con nuestro planeta. Tambi\u00e9n contempla la interacci\u00f3n con Jardines bot\u00e1nicos e instituciones educativas en la implementaci\u00f3n de actividades de conservaci\u00f3n y educaci\u00f3n ambiental.<br>La Universidad Nacional de Misiones considera importante abordar la tem\u00e1tica ambiental, tal como se establece la Constituci\u00f3n Nacional, y en su Estatuto, es por ello, que pretende el desarrollo del\u00a0programa\u00a0en todas las unidades acad\u00e9micas; como as\u00ed tambi\u00e9n propiciar actividades de cooperaci\u00f3n y colaboraci\u00f3n en materia ambiental a nivel local, regional e internacional.<\/p>\n\n\n\n<p><br><strong>COORDINADORA:<\/strong><\/p>\n\n\n\n<p>Ing. Ftal. Rafaela Morales (MP 228)<br><a href=\"mailto:rafaela.morales@campus.unam.edu.ar\">rafaela.morales@campus.unam.edu.ar<\/a><br><a href=\"mailto:rafamorales12@gmail.com\">rafamorales12@gmail.com<\/a><\/p>\n","protected":false},"excerpt":{"rendered":"<p>El\u00a0Programa\u00a0Universidad y\u00a0Ambiente\u00a0de la Universidad Nacional de Misiones (UNaM) es una propuesta de la Secretar\u00eda General de Extensi\u00f3n Universitaria (SGEU) creado por Resoluci\u00f3n N\u00b0212\/90 para abordar de forma integral actividades relacionadas a los derechos ambientales, medio\u00a0ambiente, en la Universidad y desde la Universidad a su entorno.El\u00a0programa\u00a0tiene como prop\u00f3sito formular e implementar proyectos encaminados a lograr una &hellip; <\/p>\n<p class=\"link-more\"><a href=\"https:\/\/extension.unam.edu.ar\/index.php\/universidad-y-ambiente\/\" class=\"more-link\">Read more<span class=\"screen-reader-text\"> &#8220;Universidad y\u00a0Ambiente&#8221;<\/span><\/a><\/p>\n","protected":false},"author":4,"featured_media":0,"parent":0,"menu_order":0,"comment_status":"closed","ping_status":"closed","template":"","meta":{"_advanced_animation_props":"{}","_advanced_custom_css":"","inspiro_hide_title":false,"footnotes":""},"class_list":["post-225","page","type-page","status-publish","hentry"],"_links":{"self":[{"href":"https:\/\/extension.unam.edu.ar\/index.php\/wp-json\/wp\/v2\/pages\/225","targetHints":{"allow":["GET"]}}],"collection":[{"href":"https:\/\/extension.unam.edu.ar\/index.php\/wp-json\/wp\/v2\/pages"}],"about":[{"href":"https:\/\/extension.unam.edu.ar\/index.php\/wp-json\/wp\/v2\/types\/page"}],"author":[{"embeddable":true,"href":"https:\/\/extension.unam.edu.ar\/index.php\/wp-json\/wp\/v2\/users\/4"}],"replies":[{"embeddable":true,"href":"https:\/\/extension.unam.edu.ar\/index.php\/wp-json\/wp\/v2\/comments?post=225"}],"version-history":[{"count":2,"href":"https:\/\/extension.unam.edu.ar\/index.php\/wp-json\/wp\/v2\/pages\/225\/revisions"}],"predecessor-version":[{"id":228,"href":"https:\/\/extension.unam.edu.ar\/index.php\/wp-json\/wp\/v2\/pages\/225\/revisions\/228"}],"wp:attachment":[{"href":"https:\/\/extension.unam.edu.ar\/index.php\/wp-json\/wp\/v2\/media?parent=225"}],"curies":[{"name":"wp","href":"https:\/\/api.w.org\/{rel}","templated":true}]}}