{"id":221,"date":"2026-05-08T07:29:10","date_gmt":"2026-05-08T10:29:10","guid":{"rendered":"https:\/\/extension.unam.edu.ar\/?page_id=221"},"modified":"2026-05-08T07:29:10","modified_gmt":"2026-05-08T10:29:10","slug":"orientacion-universitaria","status":"publish","type":"page","link":"https:\/\/extension.unam.edu.ar\/index.php\/orientacion-universitaria\/","title":{"rendered":"ORIENTACI\u00d3N UNIVERSITARIA"},"content":{"rendered":"\n<p>El Departamento de Orientaci\u00f3n Universitaria, dependiente de la\u00a0Secretar\u00eda General de Extensi\u00f3n\u00a0de la Universidad Nacional de Misiones (UNaM) desarrolla actividades de orientaci\u00f3n y asesoramiento relacionadas a la elecci\u00f3n vocacional-ocupacional, destinadas principalmente a las y los j\u00f3venes que finalizan sus estudios secundarios.<\/p>\n\n\n\n<p>Si bien nuestra sociedad exige la elecci\u00f3n de una carrera (ejercicio profesional mediato) o un trabajo, entendemos que esa definici\u00f3n implica asumir&nbsp; el reconocimiento de las distintas posibilidades y la importancia de una elecci\u00f3n basada en una decisi\u00f3n personal y responsable.<\/p>\n\n\n\n<p>Con el fin de acompa\u00f1ar ese&nbsp; proceso, el Departamento desarrolla diversas actividades: talleres, reuniones, jornadas, consultas y entrevistas&nbsp; de orientaci\u00f3n y&nbsp; re-orientaci\u00f3n. Tambi\u00e9n&nbsp; participa&nbsp; en diferentes ferias regionales.<\/p>\n\n\n\n<h1 class=\"wp-block-heading\">Consultas y Contacto<\/h1>\n\n\n\n<p><strong>Gisela Rojas,<\/strong>\u00a0T\u00e9cnica Universitaria en Asesoramiento Pedag\u00f3gico<br><\/p>\n\n\n\n<p><strong>Tel\u00e9fono<\/strong>:&nbsp;+54 376 4422963<\/p>\n\n\n\n<p><strong>WhatsApp:<\/strong>&nbsp;+54 9 3764 231649<\/p>\n\n\n\n<p><strong>Direcci\u00f3n<\/strong>:&nbsp;Calle Jujuy 1582 (casi Sarmiento) de Posadas.<\/p>\n\n\n\n<p><strong>Correo electr\u00f3nico<\/strong>:&nbsp;<a href=\"mailto:infocarreras@unam.edu.ar\">infocarreras@unam.edu.ar<\/a>&nbsp;\/&nbsp;<a href=\"mailto:infocarrerasunam@gmail.com\">infocarrerasunam@gmail.com<\/a>&nbsp;<\/p>\n","protected":false},"excerpt":{"rendered":"<p>El Departamento de Orientaci\u00f3n Universitaria, dependiente de la\u00a0Secretar\u00eda General de Extensi\u00f3n\u00a0de la Universidad Nacional de Misiones (UNaM) desarrolla actividades de orientaci\u00f3n y asesoramiento relacionadas a la elecci\u00f3n vocacional-ocupacional, destinadas principalmente a las y los j\u00f3venes que finalizan sus estudios secundarios. Si bien nuestra sociedad exige la elecci\u00f3n de una carrera (ejercicio profesional mediato) o un &hellip; <\/p>\n<p class=\"link-more\"><a href=\"https:\/\/extension.unam.edu.ar\/index.php\/orientacion-universitaria\/\" class=\"more-link\">Read more<span class=\"screen-reader-text\"> &#8220;ORIENTACI\u00d3N UNIVERSITARIA&#8221;<\/span><\/a><\/p>\n","protected":false},"author":4,"featured_media":0,"parent":0,"menu_order":0,"comment_status":"closed","ping_status":"closed","template":"","meta":{"_advanced_animation_props":"{}","_advanced_custom_css":"","inspiro_hide_title":false,"footnotes":""},"class_list":["post-221","page","type-page","status-publish","hentry"],"_links":{"self":[{"href":"https:\/\/extension.unam.edu.ar\/index.php\/wp-json\/wp\/v2\/pages\/221","targetHints":{"allow":["GET"]}}],"collection":[{"href":"https:\/\/extension.unam.edu.ar\/index.php\/wp-json\/wp\/v2\/pages"}],"about":[{"href":"https:\/\/extension.unam.edu.ar\/index.php\/wp-json\/wp\/v2\/types\/page"}],"author":[{"embeddable":true,"href":"https:\/\/extension.unam.edu.ar\/index.php\/wp-json\/wp\/v2\/users\/4"}],"replies":[{"embeddable":true,"href":"https:\/\/extension.unam.edu.ar\/index.php\/wp-json\/wp\/v2\/comments?post=221"}],"version-history":[{"count":1,"href":"https:\/\/extension.unam.edu.ar\/index.php\/wp-json\/wp\/v2\/pages\/221\/revisions"}],"predecessor-version":[{"id":222,"href":"https:\/\/extension.unam.edu.ar\/index.php\/wp-json\/wp\/v2\/pages\/221\/revisions\/222"}],"wp:attachment":[{"href":"https:\/\/extension.unam.edu.ar\/index.php\/wp-json\/wp\/v2\/media?parent=221"}],"curies":[{"name":"wp","href":"https:\/\/api.w.org\/{rel}","templated":true}]}}