{"id":219,"date":"2026-05-08T07:26:40","date_gmt":"2026-05-08T10:26:40","guid":{"rendered":"https:\/\/extension.unam.edu.ar\/?page_id=219"},"modified":"2026-05-08T07:26:40","modified_gmt":"2026-05-08T10:26:40","slug":"programa-musica-de-la-universidad-nacional-de-misiones","status":"publish","type":"page","link":"https:\/\/extension.unam.edu.ar\/index.php\/programa-musica-de-la-universidad-nacional-de-misiones\/","title":{"rendered":"Programa M\u00fasica de la Universidad Nacional de Misiones"},"content":{"rendered":"\n<p>El Programa M\u00fasica de la UNaM (Universidad Nacional de Misiones) depende de la Secretar\u00eda General de Extensi\u00f3n Universitaria y desarrolla sus actividades en Posadas y Ober\u00e1.<\/p>\n\n\n\n<p>En su sede principal, ubicada en la calle Jujuy N\u00ba 192 de la ciudad de Posadas, el Programa cuenta con dos salas acondicionadas especialmente para el trabajo vocal e instrumental. En ese espacio ensayan cinco grupos diferentes:<\/p>\n\n\n\n<ul class=\"wp-block-list\">\n<li>El Coro Universitario de Misiones<\/li>\n\n\n\n<li>El Conjunto de C\u00e1mara<\/li>\n\n\n\n<li>La Orquesta Sinf\u00f3nica Juvenil<\/li>\n\n\n\n<li>El Ensamble Coral Universitario<\/li>\n\n\n\n<li>El Coro de Adultos de la UNaM<br>El Coro Universitario Ober\u00e1<\/li>\n<\/ul>\n\n\n\n<p>Todos los a\u00f1os el Programa M\u00fasica organiza una serie de conciertos y encuentros corales para compartir la interpretaci\u00f3n de obras de diferentes g\u00e9neros. Sus grupos tambi\u00e9n presentan conciertos did\u00e1cticos en las escuelas y su&nbsp;<strong><em>Temporada de M\u00fasica de C\u00e1mara<\/em><\/strong>&nbsp;ya es un cl\u00e1sico que se realiza todos los a\u00f1os desde 2002.<\/p>\n\n\n\n<h1 class=\"wp-block-heading\">Talleres Permanentes<\/h1>\n\n\n\n<p>Coro Universitario de Misiones<\/p>\n\n\n\n<p>Conjunto de C\u00e1mara<\/p>\n\n\n\n<p>Orquesta Sinf\u00f3nica Juvenil<\/p>\n\n\n\n<p>Ensamble Coral Universitario<\/p>\n\n\n\n<p>Coro Universitario Ober\u00e1<\/p>\n\n\n\n<p>Coro de Adultos de la UNaM<\/p>\n\n\n\n<hr class=\"wp-block-separator has-alpha-channel-opacity\"\/>\n\n\n\n<h4 class=\"wp-block-heading\">CONTACTO PROGRAMA M\u00daSICA UNAM<\/h4>\n\n\n\n<p><strong>Tel\u00e9fono<\/strong>: +54&nbsp;(3764) 422963<br><strong>E-mail<\/strong>:&nbsp;<a href=\"mailto:musicaunam@gmail.com\">musicaunam@gmail.com<\/a><\/p>\n","protected":false},"excerpt":{"rendered":"<p>El Programa M\u00fasica de la UNaM (Universidad Nacional de Misiones) depende de la Secretar\u00eda General de Extensi\u00f3n Universitaria y desarrolla sus actividades en Posadas y Ober\u00e1. En su sede principal, ubicada en la calle Jujuy N\u00ba 192 de la ciudad de Posadas, el Programa cuenta con dos salas acondicionadas especialmente para el trabajo vocal e &hellip; <\/p>\n<p class=\"link-more\"><a href=\"https:\/\/extension.unam.edu.ar\/index.php\/programa-musica-de-la-universidad-nacional-de-misiones\/\" class=\"more-link\">Read more<span class=\"screen-reader-text\"> &#8220;Programa M\u00fasica de la Universidad Nacional de Misiones&#8221;<\/span><\/a><\/p>\n","protected":false},"author":4,"featured_media":0,"parent":0,"menu_order":0,"comment_status":"closed","ping_status":"closed","template":"","meta":{"_advanced_animation_props":"{}","_advanced_custom_css":"","inspiro_hide_title":false,"footnotes":""},"class_list":["post-219","page","type-page","status-publish","hentry"],"_links":{"self":[{"href":"https:\/\/extension.unam.edu.ar\/index.php\/wp-json\/wp\/v2\/pages\/219","targetHints":{"allow":["GET"]}}],"collection":[{"href":"https:\/\/extension.unam.edu.ar\/index.php\/wp-json\/wp\/v2\/pages"}],"about":[{"href":"https:\/\/extension.unam.edu.ar\/index.php\/wp-json\/wp\/v2\/types\/page"}],"author":[{"embeddable":true,"href":"https:\/\/extension.unam.edu.ar\/index.php\/wp-json\/wp\/v2\/users\/4"}],"replies":[{"embeddable":true,"href":"https:\/\/extension.unam.edu.ar\/index.php\/wp-json\/wp\/v2\/comments?post=219"}],"version-history":[{"count":1,"href":"https:\/\/extension.unam.edu.ar\/index.php\/wp-json\/wp\/v2\/pages\/219\/revisions"}],"predecessor-version":[{"id":220,"href":"https:\/\/extension.unam.edu.ar\/index.php\/wp-json\/wp\/v2\/pages\/219\/revisions\/220"}],"wp:attachment":[{"href":"https:\/\/extension.unam.edu.ar\/index.php\/wp-json\/wp\/v2\/media?parent=219"}],"curies":[{"name":"wp","href":"https:\/\/api.w.org\/{rel}","templated":true}]}}