{"id":216,"date":"2026-05-08T07:23:39","date_gmt":"2026-05-08T10:23:39","guid":{"rendered":"https:\/\/extension.unam.edu.ar\/?page_id=216"},"modified":"2026-05-08T07:23:39","modified_gmt":"2026-05-08T10:23:39","slug":"programa-teatro-de-la-universidad-nacional-de-misiones","status":"publish","type":"page","link":"https:\/\/extension.unam.edu.ar\/index.php\/programa-teatro-de-la-universidad-nacional-de-misiones\/","title":{"rendered":"Programa Teatro de la Universidad Nacional de Misiones"},"content":{"rendered":"\n<p>El Programa Teatro de la Universidad Nacional de Misiones (TeUNaM) nace a fines de 1989, sobre la base de los talleres de teatro de la Secretar\u00eda General de Extensi\u00f3n Universitaria, coordinados por Jos\u00e9 C\u00e1ceres.<\/p>\n\n\n\n<p>A partir de un trabajo de investigaci\u00f3n sobre textos de Augusto Roa Bastos surge como resultado la primera producci\u00f3n del programa \u201cCenizas de una Memoria\u201d. Y desde esa obra inicial la metodolog\u00eda en el \u00e1rea de teatro se ha basado en una constante experimentaci\u00f3n con distintas t\u00e9cnicas y m\u00e9todos de trabajo para la producci\u00f3n de espect\u00e1culos teatrales.<\/p>\n\n\n\n<p>A trav\u00e9s de estos a\u00f1os el programa fue incorporando nuevas \u00e1reas de producci\u00f3n relacionadas con la Danza Teatro, la Antropolog\u00eda Teatral y la vinculaci\u00f3n con las escuelas secundarias. Los talleres espec\u00edficos se dictan en espacios de la UNaM, como as\u00ed tambi\u00e9n en espacios no convencionales y salas oficiales e independientes de forma gratuita y abierta tanto a los alumnos de la Universidad como de la comunidad en general.<\/p>\n\n\n\n<p>El TeUNaM brinda talleres iniciales y de entrenamiento en estas \u00e1reas y tambi\u00e9n realiza convenios con instituciones especializadas tales como la Universidad Nacional de las Artes y el Instituto Nacional del Teatro para capacitaci\u00f3n y actualizaci\u00f3n permanentes. Esto permite no solo el perfeccionamiento y la profundizaci\u00f3n en la investigaci\u00f3n y producci\u00f3n art\u00edstica propia del programa sino tambi\u00e9n el aporte a la comunidad en general.<\/p>\n\n\n\n<p>En veintisiete a\u00f1os de trabajo constante se han producido m\u00e1s de cien espect\u00e1culos, muchos de los cuales representaron a la Universidad Nacional de Misiones y a la Provincia de Misiones en eventos de car\u00e1cter regional, nacional e internacional. Entre otras, se pueden mencionar Las Criadas, Los Edipos, Esto, El Grito, Nuestro Grito, Marat Sade, El Avaro, El Arquitecto y El Emperador de Asiria, Las Troyanas, El Escorpi\u00f3n. La Boca Elegida, Mujeres Argentinas, Carne Gaucha. A trav\u00e9s de sus producciones el programa busca dar cuenta tanto de sus recorridos est\u00e9ticos como de problem\u00e1ticas sociales espec\u00edficas que preocupan y sensibilizan, para abordarlas y cuestionarlas desde cada producci\u00f3n art\u00edstica.<\/p>\n\n\n\n<h4 class=\"wp-block-heading\">Algunos de los objetivos del TeUNaM:<\/h4>\n\n\n\n<ul class=\"wp-block-list\">\n<li>Indagar la diversidad cultural en el \u00e1mbito de influencia de la UNaM desde las Artes Esc\u00e9nicas.<\/li>\n\n\n\n<li>Potenciar los recursos humanos formados en el \u00e1mbito del TeUNaM para una producci\u00f3n est\u00e9tica teatral com\u00fan.<\/li>\n\n\n\n<li>Presentar en distintos \u00e1mbitos geogr\u00e1ficos e institucionales las producciones esc\u00e9nicas promoviendo la circulaci\u00f3n social de los mismos.<\/li>\n\n\n\n<li>Favorecer el acercamiento en la UNaM al medio a trav\u00e9s de la transferencia de contenidos art\u00edsticos teatrales en sus distintas modalidades: Teatro de Sala, Antropolog\u00eda Teatral, Danza Teatro, Integraci\u00f3n Nivel Medio Universidad y Danza Comunitaria.<\/li>\n\n\n\n<li>Promover y organizar espacios de articulaci\u00f3n interdisciplinaria con los distintos docentes de la universidad.<\/li>\n<\/ul>\n\n\n\n<p><strong>Director del TeUNaM<\/strong>:&nbsp;Juan Carlos Staudt.<\/p>\n\n\n\n<hr class=\"wp-block-separator has-alpha-channel-opacity\"\/>\n\n\n\n<h4 class=\"wp-block-heading\">CONTACTO:<\/h4>\n\n\n\n<p><strong>Tel\u00e9fono<\/strong>: +54 (376) 4430460<\/p>\n\n\n\n<p><strong>Email<\/strong>:&nbsp;<a href=\"mailto:teunam@gmail.com\">teunam@gmail.com<\/a><\/p>\n","protected":false},"excerpt":{"rendered":"<p>El Programa Teatro de la Universidad Nacional de Misiones (TeUNaM) nace a fines de 1989, sobre la base de los talleres de teatro de la Secretar\u00eda General de Extensi\u00f3n Universitaria, coordinados por Jos\u00e9 C\u00e1ceres. A partir de un trabajo de investigaci\u00f3n sobre textos de Augusto Roa Bastos surge como resultado la primera producci\u00f3n del programa &hellip; <\/p>\n<p class=\"link-more\"><a href=\"https:\/\/extension.unam.edu.ar\/index.php\/programa-teatro-de-la-universidad-nacional-de-misiones\/\" class=\"more-link\">Read more<span class=\"screen-reader-text\"> &#8220;Programa Teatro de la Universidad Nacional de Misiones&#8221;<\/span><\/a><\/p>\n","protected":false},"author":4,"featured_media":0,"parent":0,"menu_order":0,"comment_status":"closed","ping_status":"closed","template":"","meta":{"_advanced_animation_props":"{}","_advanced_custom_css":"","inspiro_hide_title":false,"footnotes":""},"class_list":["post-216","page","type-page","status-publish","hentry"],"_links":{"self":[{"href":"https:\/\/extension.unam.edu.ar\/index.php\/wp-json\/wp\/v2\/pages\/216","targetHints":{"allow":["GET"]}}],"collection":[{"href":"https:\/\/extension.unam.edu.ar\/index.php\/wp-json\/wp\/v2\/pages"}],"about":[{"href":"https:\/\/extension.unam.edu.ar\/index.php\/wp-json\/wp\/v2\/types\/page"}],"author":[{"embeddable":true,"href":"https:\/\/extension.unam.edu.ar\/index.php\/wp-json\/wp\/v2\/users\/4"}],"replies":[{"embeddable":true,"href":"https:\/\/extension.unam.edu.ar\/index.php\/wp-json\/wp\/v2\/comments?post=216"}],"version-history":[{"count":1,"href":"https:\/\/extension.unam.edu.ar\/index.php\/wp-json\/wp\/v2\/pages\/216\/revisions"}],"predecessor-version":[{"id":217,"href":"https:\/\/extension.unam.edu.ar\/index.php\/wp-json\/wp\/v2\/pages\/216\/revisions\/217"}],"wp:attachment":[{"href":"https:\/\/extension.unam.edu.ar\/index.php\/wp-json\/wp\/v2\/media?parent=216"}],"curies":[{"name":"wp","href":"https:\/\/api.w.org\/{rel}","templated":true}]}}