{"id":10,"date":"2025-12-17T07:43:05","date_gmt":"2025-12-17T10:43:05","guid":{"rendered":"https:\/\/extension.unam.edu.ar\/?page_id=10"},"modified":"2025-12-18T12:00:15","modified_gmt":"2025-12-18T15:00:15","slug":"about","status":"publish","type":"page","link":"https:\/\/extension.unam.edu.ar\/index.php\/about\/","title":{"rendered":"Secretar\u00eda General de\u00a0Extensi\u00f3n Universitaria"},"content":{"rendered":"\n<p class=\"\">La extensi\u00f3n universitaria constituye una de las funciones sustantivas de la Universidad Nacional de Misiones (UNaM), conforme lo establece su Estatuto en el Art. 14\u00ba; la que se desarrolla desde el nivel central bajo la estructura organizativa de la Secretar\u00eda General de Extensi\u00f3n Universitaria (SGEU).<\/p>\n\n\n\n<p class=\"\">Dentro de este marco, la SGEU tiene como fines, generar, promover y difundir pol\u00edticas de Extensi\u00f3n Universitaria con el objeto de fortalecer una Universidad democr\u00e1tica, solidaria y socialmente comprometida. Promover el desarrollo de espacios de an\u00e1lisis y reflexi\u00f3n respecto de la Extensi\u00f3n Universitaria que posibiliten la formaci\u00f3n permanente de los sujetos, genere aprendizajes y desarrolle capacidades cr\u00edticas y creativas.<\/p>\n\n\n\n<p class=\"\">Propiciar v\u00ednculos de solidaridad y cooperaci\u00f3n con otras universidades para el fortalecimiento de las pol\u00edticas de Extensi\u00f3n. Favorecer la institucionalizaci\u00f3n y valoraci\u00f3n de esta actividad en todo el \u00e1mbito de la UNaM, promoviendo la inserci\u00f3n curricular y su integraci\u00f3n con la docencia y la investigaci\u00f3n.<\/p>\n\n\n\n<p class=\"\">El \u00e1mbito de la extensi\u00f3n es el instrumento adecuado de fortalecimiento del v\u00ednculo entre la Universidad y la comunidad a la cual pertenece, para aportar reflexiones sobre fundamentos epistemol\u00f3gicos de la producci\u00f3n de conocimientos y para llevar los saberes, inquietudes y demandas de la poblaci\u00f3n en general al \u00e1mbito universitario en particular.<\/p>\n\n\n\n<p class=\"\">Implica, difundir una imagen institucional y un camino para fortalecer, de la mano del desarrollo cultural y cient\u00edfico, el sentido de pertenencia institucional a la regi\u00f3n de la que forma parte. Desde la pol\u00edtica de extensi\u00f3n se procura enraizar a la Universidad en su \u00e1mbito de influencia y pertenencia, a consolidar en ella y a establecer las bases s\u00f3lidas sobre la cual crecer como referente ineludible.<\/p>\n\n\n\n<p class=\"\">Las metas fundamentales que persigue la SGEU son las de promover la interacci\u00f3n con la comunidad y su entorno, aportando al crecimiento social de la regi\u00f3n. Transferir conocimientos cient\u00edfico-tecnol\u00f3gicos, la educaci\u00f3n permanente, la difusi\u00f3n de las actividades y producciones de la UNaM, el desarrollo de las expresiones culturales y la vinculaci\u00f3n institucional.<\/p>\n\n\n\n<p class=\"\">As\u00ed como la formaci\u00f3n de recursos humanos destinados a la extensi\u00f3n universitaria, conformando de este modo la carrera de extensi\u00f3n compatibilizando esta, con la carrera docente y la de investigador.<\/p>\n\n\n\n<p class=\"\">Adem\u00e1s tiene la tarea de asesorar al Rector en tem\u00e1ticas de extensi\u00f3n, c\u00f3mo as\u00ed tambi\u00e9n la elaboraci\u00f3n de los presupuestos a ser presentados al Consejo Superior y la posterior evaluaci\u00f3n de los resultados alcanzados a partir de la aplicaci\u00f3n de los recursos conseguidos.<\/p>\n\n\n\n<div class=\"wp-block-group has-background has-global-padding is-layout-constrained wp-container-core-group-is-layout-d4f0b91d wp-block-group-is-layout-constrained\" style=\"background-color:#042d59cf;padding-top:var(--wp--preset--spacing--small);padding-right:var(--wp--preset--spacing--x-large);padding-bottom:var(--wp--preset--spacing--small);padding-left:var(--wp--preset--spacing--x-large)\">\n<div class=\"wp-block-columns is-layout-flex wp-container-core-columns-is-layout-7db7aa3e wp-block-columns-is-layout-flex\" style=\"padding-right:0;padding-left:0\">\n<div class=\"wp-block-column is-vertically-aligned-center is-layout-flow wp-block-column-is-layout-flow\">\n<div class=\"wp-block-group has-global-padding is-layout-constrained wp-block-group-is-layout-constrained\">\n<h2 class=\"wp-block-heading has-white-color has-text-color has-link-color wp-elements-20f6480efec5046b4849caf8a66dafcc\"><strong>AUTORIDADES<\/strong><\/h2>\n\n\n\n<p class=\"has-white-color has-text-color has-link-color wp-elements-8664a25a80c5e19d464c1b5a3ea8d3ee\">MAURICIO FRANCO<\/p>\n\n\n\n<p class=\"has-white-color has-text-color has-link-color wp-elements-ee59b4ee42c6e7291c7c2b37187e3533\">DISE\u00d1ADOR GR\u00c1FICO<\/p>\n\n\n\n<p class=\"has-white-color has-text-color has-link-color wp-elements-b04a28c086ef3a8b06a20bccde398426\">Tel\u00e9fono:&nbsp;+54 376 4480200 \/&nbsp;Interno:&nbsp;113<\/p>\n\n\n\n<p class=\"has-white-color has-text-color has-link-color wp-elements-9d70d07e20eec08272a5604c6999236a\"><a href=\"mailto:mauricio.franco@fayd.unam.edu.ar\">mauricio.franco@fayd.unam.edu.ar<\/a><\/p>\n<\/div>\n<\/div>\n\n\n\n<div class=\"wp-block-column is-layout-flow wp-block-column-is-layout-flow\">\n<figure class=\"wp-block-image aligncenter\"><img decoding=\"async\" src=\"https:\/\/unam.edu.ar\/templates\/yootheme\/cache\/1b\/mauricio_franco_extension-1b82082f.png\" alt=\"\"\/><\/figure>\n<\/div>\n<\/div>\n<\/div>\n\n\n\n<p class=\"\"><\/p>\n","protected":false},"excerpt":{"rendered":"<p>La extensi\u00f3n universitaria constituye una de las funciones sustantivas de la Universidad Nacional de Misiones (UNaM), conforme lo establece su Estatuto en el Art. 14\u00ba; la que se desarrolla desde el nivel central bajo la estructura organizativa de la Secretar\u00eda General de Extensi\u00f3n Universitaria (SGEU). Dentro de este marco, la SGEU tiene como fines, generar, &hellip; <\/p>\n<p class=\"link-more\"><a href=\"https:\/\/extension.unam.edu.ar\/index.php\/about\/\" class=\"more-link\">Read more<span class=\"screen-reader-text\"> &#8220;Secretar\u00eda General de\u00a0Extensi\u00f3n Universitaria&#8221;<\/span><\/a><\/p>\n","protected":false},"author":1,"featured_media":70,"parent":0,"menu_order":0,"comment_status":"closed","ping_status":"closed","template":"","meta":{"_advanced_animation_props":"{\"animations\":{\"fade-in\":{\"id\":\"fade-in\",\"name\":\"fade in\",\"keyframes\":{\"0%\":{\"transform\":{},\"opacity\":\"0%\"},\"100%\":{\"transform\":{},\"opacity\":\"100%\"}}},\"fade-in-left\":{\"id\":\"fade-in-left\",\"name\":\"fade in left\",\"keyframes\":{\"0%\":{\"transform\":{\"translateX\":\"50px\"},\"opacity\":\"0%\"},\"100%\":{\"transform\":{\"translateX\":\"0px\"},\"opacity\":\"100%\"}}},\"fade-in-right\":{\"id\":\"fade-in-right\",\"name\":\"fade in right\",\"keyframes\":{\"0%\":{\"transform\":{\"translateX\":\"-50px\"},\"opacity\":\"0%\"},\"100%\":{\"transform\":{\"translateX\":\"0px\"},\"opacity\":\"100%\"}}},\"fade-in-top\":{\"id\":\"fade-in-top\",\"name\":\"fade in top\",\"keyframes\":{\"0%\":{\"transform\":{\"translateY\":\"50px\"},\"opacity\":\"0%\"},\"100%\":{\"transform\":{\"translateY\":\"0px\"},\"opacity\":\"100%\"}}},\"fade-in-down\":{\"id\":\"fade-in-down\",\"name\":\"fade in down\",\"keyframes\":{\"0%\":{\"transform\":{\"translateY\":\"-50px\"},\"opacity\":\"0%\"},\"100%\":{\"transform\":{\"translateY\":\"0px\"},\"opacity\":\"100%\"}}},\"zoom-in\":{\"id\":\"zoom-in\",\"name\":\"zoom in\",\"keyframes\":{\"0%\":{\"transform\":{\"scale\":\"70%\"},\"opacity\":\"0%\"},\"100%\":{\"transform\":{\"scale\":\"100%\"},\"opacity\":\"100%\"}}},\"zoom-out\":{\"id\":\"zoom-out\",\"name\":\"zoom out\",\"keyframes\":{\"0%\":{\"transform\":{\"scale\":\"130%\"},\"opacity\":\"0%\"},\"100%\":{\"transform\":{\"scale\":\"100%\"},\"opacity\":\"100%\"}}},\"scale-up\":{\"id\":\"scale-up\",\"name\":\"scale up\",\"keyframes\":{\"0%\":{\"transform\":{\"scale\":\"100%\"}},\"100%\":{\"transform\":{\"scale\":\"120%\"}}}},\"scale-down\":{\"id\":\"scale-down\",\"name\":\"scale down\",\"keyframes\":{\"0%\":{\"transform\":{\"scale\":\"100%\"}},\"100%\":{\"transform\":{\"scale\":\"80%\"}}}},\"clip-from-left\":{\"id\":\"clip-from-left\",\"name\":\"reveal from left\",\"keyframes\":{\"0%\":{\"clip-path\":\"inset(0% 100% 0% 0%)\"},\"100%\":{\"clip-path\":\"inset(0% 0% 0% 0%)\"}}},\"clip-from-right\":{\"id\":\"clip-from-right\",\"name\":\"reveal from right\",\"keyframes\":{\"0%\":{\"clip-path\":\"inset(0% 0% 0% 100%)\"},\"100%\":{\"clip-path\":\"inset(0% 0% 0% 0%)\"}}},\"clip-from-top\":{\"id\":\"clip-from-top\",\"name\":\"reveal from top\",\"keyframes\":{\"0%\":{\"clip-path\":\"inset(0% 0% 100% 0%)\"},\"100%\":{\"clip-path\":\"inset(0% 0% 0% 0%)\"}}},\"clip-from-bottom\":{\"id\":\"clip-from-bottom\",\"name\":\"reveal from bottom\",\"keyframes\":{\"0%\":{\"clip-path\":\"inset(100% 0% 0% 0%)\"},\"100%\":{\"clip-path\":\"inset(0% 0% 0% 0%)\"}}},\"text-rotate-intro\":{\"id\":\"text-rotate-intro\",\"name\":\"text rotate intro\",\"keyframes\":{\"0%\":{\"transform\":{\"rotate\":\"-10deg\",\"rotateX\":\"75deg\",\"rotateY\":\"0deg\"},\"opacity\":\"0%\"},\"100%\":{\"transform\":{\"rotate\":\"0deg\",\"rotateX\":\"0deg\",\"rotateY\":\"0deg\"},\"opacity\":\"100%\"}}},\"zoom-rotate\":{\"id\":\"zoom-rotate\",\"name\":\"zoom rotate\",\"keyframes\":{\"0%\":{\"transform\":{\"rotate\":\"180deg\",\"scale\":\"50%\"},\"opacity\":\"0%\"},\"100%\":{\"transform\":{\"rotate\":\"0deg\",\"scale\":\"100%\"},\"opacity\":\"100%\"}}},\"move-up\":{\"id\":\"move-up\",\"name\":\"move up\",\"keyframes\":{\"0%\":{\"transform\":{\"translateY\":\"100%\"}},\"100%\":{\"transform\":{\"translateY\":\"0%\"}}}},\"move-down\":{\"id\":\"move-down\",\"name\":\"move down\",\"keyframes\":{\"0%\":{\"transform\":{\"translateY\":\"-100-%\"}},\"100%\":{\"transform\":{\"translateY\":\"0%\"}}}},\"video-app-intro\":{\"id\":\"video-app-intro\",\"name\":\"video app intro\",\"keyframes\":{\"0%\":{\"transform\":{\"translateX\":\"-300px\",\"scale\":\"300%\",\"rotate\":\"90deg\"}},\"50%\":{\"transform\":{\"translateX\":\"-300px\",\"scale\":\"100%\",\"rotate\":\"0deg\"}},\"100%\":{\"transform\":{\"translateX\":\"0px\",\"scale\":\"100%\",\"rotate\":\"0deg\"}}}}},\"settings\":{}}","_advanced_custom_css":"","inspiro_hide_title":false,"footnotes":""},"class_list":["post-10","page","type-page","status-publish","has-post-thumbnail","hentry"],"_links":{"self":[{"href":"https:\/\/extension.unam.edu.ar\/index.php\/wp-json\/wp\/v2\/pages\/10","targetHints":{"allow":["GET"]}}],"collection":[{"href":"https:\/\/extension.unam.edu.ar\/index.php\/wp-json\/wp\/v2\/pages"}],"about":[{"href":"https:\/\/extension.unam.edu.ar\/index.php\/wp-json\/wp\/v2\/types\/page"}],"author":[{"embeddable":true,"href":"https:\/\/extension.unam.edu.ar\/index.php\/wp-json\/wp\/v2\/users\/1"}],"replies":[{"embeddable":true,"href":"https:\/\/extension.unam.edu.ar\/index.php\/wp-json\/wp\/v2\/comments?post=10"}],"version-history":[{"count":8,"href":"https:\/\/extension.unam.edu.ar\/index.php\/wp-json\/wp\/v2\/pages\/10\/revisions"}],"predecessor-version":[{"id":83,"href":"https:\/\/extension.unam.edu.ar\/index.php\/wp-json\/wp\/v2\/pages\/10\/revisions\/83"}],"wp:featuredmedia":[{"embeddable":true,"href":"https:\/\/extension.unam.edu.ar\/index.php\/wp-json\/wp\/v2\/media\/70"}],"wp:attachment":[{"href":"https:\/\/extension.unam.edu.ar\/index.php\/wp-json\/wp\/v2\/media?parent=10"}],"curies":[{"name":"wp","href":"https:\/\/api.w.org\/{rel}","templated":true}]}}